{"id":11891,"date":"2025-11-05T21:05:45","date_gmt":"2025-11-05T21:05:45","guid":{"rendered":"https:\/\/roxboro.ca\/?page_id=11891"},"modified":"2026-03-03T17:27:22","modified_gmt":"2026-03-03T17:27:22","slug":"politique-de-confidentialite","status":"publish","type":"page","link":"https:\/\/roxboro.ca\/en\/politique-de-confidentialite\/","title":{"rendered":"Privacy policy"},"content":{"rendered":"<div data-elementor-type=\"wp-page\" data-elementor-id=\"11891\" class=\"elementor elementor-11891\">\n\t\t\t\t<div class=\"elementor-element elementor-element-2de4c6c e-flex e-con-boxed wcf-starter-animations-none e-con e-parent\" data-id=\"2de4c6c\" data-element_type=\"container\" data-e-type=\"container\" data-settings=\"{&quot;wcf_enable_cursor_hover_effect_text&quot;:&quot;View&quot;,&quot;wcf-animation&quot;:&quot;none&quot;}\">\n\t\t\t\t\t<div class=\"e-con-inner\">\n\t\t\t\t<div class=\"elementor-element elementor-element-9061288 wcf-starter-animations-none wcf-t-animation-none elementor-widget elementor-widget-wcf--title\" data-id=\"9061288\" data-element_type=\"widget\" data-e-type=\"widget\" data-settings=\"{&quot;wcf-animation&quot;:&quot;fade&quot;,&quot;data-duration&quot;:0.75,&quot;fade-offset&quot;:40,&quot;wcf_starter_animations&quot;:&quot;none&quot;,&quot;wcf_anim_duration&quot;:1000,&quot;wcf_anim_delay&quot;:0,&quot;wcf_anim_ease&quot;:&quot;ease&quot;,&quot;wcf_text_animation&quot;:&quot;none&quot;,&quot;delay&quot;:0.15,&quot;on-scroll&quot;:1,&quot;fade-from&quot;:&quot;bottom&quot;,&quot;ease&quot;:&quot;power2.out&quot;}\" data-widget_type=\"wcf--title.default\">\n\t\t\t\t<div class=\"elementor-widget-container\">\n\t\t\t\t\t<h2 class=\"wcf--title\">privacy policy<\/h2>\t\t\t\t<\/div>\n\t\t\t\t<\/div>\n\t\t\t\t<div class=\"elementor-element elementor-element-b598761 wcf-starter-animations-none wcf-t-animation-none elementor-widget elementor-widget-wcf--title\" data-id=\"b598761\" data-element_type=\"widget\" data-e-type=\"widget\" data-settings=\"{&quot;wcf_starter_animations&quot;:&quot;none&quot;,&quot;wcf_anim_duration&quot;:1000,&quot;wcf_anim_delay&quot;:0,&quot;wcf_anim_ease&quot;:&quot;ease&quot;,&quot;wcf_text_animation&quot;:&quot;none&quot;,&quot;wcf-animation&quot;:&quot;none&quot;}\" data-widget_type=\"wcf--title.default\">\n\t\t\t\t<div class=\"elementor-widget-container\">\n\t\t\t\t\t<h1 class=\"wcf--title\">privacy policy<\/h1>\t\t\t\t<\/div>\n\t\t\t\t<\/div>\n\t\t\t\t<div class=\"elementor-element elementor-element-210af10 wcf-starter-animations-none wcf-t-animation-none elementor-widget elementor-widget-wcf--title\" data-id=\"210af10\" data-element_type=\"widget\" data-e-type=\"widget\" data-settings=\"{&quot;wcf_starter_animations&quot;:&quot;none&quot;,&quot;wcf_anim_duration&quot;:1000,&quot;wcf_anim_delay&quot;:0,&quot;wcf_anim_ease&quot;:&quot;ease&quot;,&quot;wcf_text_animation&quot;:&quot;none&quot;,&quot;wcf-animation&quot;:&quot;none&quot;}\" data-widget_type=\"wcf--title.default\">\n\t\t\t\t<div class=\"elementor-widget-container\">\n\t\t\t\t\t<h2 class=\"wcf--title\"><span class=\"highlight\">Groupe Roxboro BauVal<\/span><\/h2>\t\t\t\t<\/div>\n\t\t\t\t<\/div>\n\t\t\t\t<div class=\"elementor-element elementor-element-e6f68ba elementor-widget-divider--view-line elementor-widget elementor-widget-divider\" data-id=\"e6f68ba\" data-element_type=\"widget\" data-e-type=\"widget\" data-settings=\"{&quot;wcf-animation&quot;:&quot;none&quot;}\" data-widget_type=\"divider.default\">\n\t\t\t\t<div class=\"elementor-widget-container\">\n\t\t\t\t\t\t\t<div class=\"elementor-divider\">\n\t\t\t<span class=\"elementor-divider-separator\">\n\t\t\t\t\t\t<\/span>\n\t\t<\/div>\n\t\t\t\t\t\t<\/div>\n\t\t\t\t<\/div>\n\t\t\t\t<div class=\"elementor-element elementor-element-afcd752 wcf-starter-animations-none wcf-t-animation-none elementor-widget elementor-widget-text-editor\" data-id=\"afcd752\" data-element_type=\"widget\" data-e-type=\"widget\" data-settings=\"{&quot;wcf_starter_animations&quot;:&quot;none&quot;,&quot;wcf_anim_duration&quot;:1000,&quot;wcf_anim_delay&quot;:0,&quot;wcf_anim_ease&quot;:&quot;ease&quot;,&quot;wcf_text_animation&quot;:&quot;none&quot;,&quot;wcf-animation&quot;:&quot;none&quot;}\" data-widget_type=\"text-editor.default\">\n\t\t\t\t<div class=\"elementor-widget-container\">\n\t\t\t\t\t\t\t\t\t<p>The Roxboro BauVal Inc. Group and its affiliates (hereinafter referred to as \u201cthe company\u201d) are subject to the Private Sector Protection of Personal Information Act. We take privacy very seriously and are committed to complying with the standards set out in this Act.<\/p>\t\t\t\t\t\t\t\t<\/div>\n\t\t\t\t<\/div>\n\t\t\t\t<div class=\"elementor-element elementor-element-30428b4 wcf-starter-animations-none wcf-t-animation-none elementor-widget elementor-widget-text-editor\" data-id=\"30428b4\" data-element_type=\"widget\" data-e-type=\"widget\" data-settings=\"{&quot;wcf_starter_animations&quot;:&quot;none&quot;,&quot;wcf_anim_duration&quot;:1000,&quot;wcf_anim_delay&quot;:0,&quot;wcf_anim_ease&quot;:&quot;ease&quot;,&quot;wcf_text_animation&quot;:&quot;none&quot;,&quot;wcf-animation&quot;:&quot;none&quot;}\" data-widget_type=\"text-editor.default\">\n\t\t\t\t<div class=\"elementor-widget-container\">\n\t\t\t\t\t\t\t\t\t<h3>Responsibilities and operation<\/h3><p>The company's president and CEO has delegated the role of Chief Privacy Officer (hereinafter \u201cCPO\u201d) to the vice president of human resources, in accordance with the law. A committee was created in January 2023 to support the CPO and monitor our privacy commitments. The committee will meet at least twice a year, or more often if necessary. This committee is composed of the Vice President or an employee of his or her choice from each of the following key areas: human resources, information technology, finance, and legal affairs.<\/p><p>\u00a0<\/p><h3>Collection of personal information<\/h3><p>We are committed to collecting only the personal information necessary to carry out our activities. We will inform our employees and collaborators of the purposes for which we collect this personal information and will ask for their consent, where necessary, to use or share it.<\/p><p>\u00a0<\/p><h3>Disclosure of personal information<\/h3><p>We will only disclose personal information to third parties after obtaining the consent of the person concerned.<\/p><p>\u00a0<\/p><h3>Retention and disposal of personal information<\/h3><p>Personal information must be stored in secure systems and files with controlled access. Access is limited to a small number of employees who absolutely need this information to perform their work. Personal information that is no longer needed will be disposed of according to a process reviewed annually by the committee.<\/p><p>\u00a0<\/p><h3>Incident management<\/h3><p>The data controller is responsible for taking all necessary measures when a security incident involving personal information occurs. They must also keep a record of incidents, which includes:<\/p><p>\u2013 the date of the incident and the circumstances surrounding it;<\/p><p>\u2013 the date on which the company became aware of the incident;<\/p><p>\u2013 the identity of the person who conducted the investigation;<\/p><p>\u2013 the personal information concerned;<\/p><p>\u2013 the degree of sensitivity of the information concerned;<\/p><p>\u2013 the number or estimated number of people affected;<\/p><p>\u2013 measures taken to reduce damage;<\/p><p>\u2013 the date on which the notice was sent to the Commission d\u2019acc\u00e8s \u00e0 l\u2019information du Qu\u00e9bec and to the persons concerned; and<\/p><p>\u2013 the reasons why the company did not disclose the incident, if applicable.<\/p><p>\u00a0<\/p><h3>Liability<\/h3><p>The PO will produce a report for the company's board of directors on the committee's activities.<\/p><p>\u00a0<\/p><h3>Access to personal information and complaint process<\/h3><p>All employees and partners have the right to request access to the personal information we hold and to have it corrected if they believe it is inaccurate. You may also file a complaint if you believe your personal information is not being handled or stored properly. The privacy officer is responsible for handling all complaints with care. Please address your request or complaint to the Privacy Officer.<\/p>\t\t\t\t\t\t\t\t<\/div>\n\t\t\t\t<\/div>\n\t\t\t\t<div class=\"elementor-element elementor-element-fbd4f3a wcf-starter-animations-none wcf-t-animation-none elementor-widget elementor-widget-wcf--title\" data-id=\"fbd4f3a\" data-element_type=\"widget\" data-e-type=\"widget\" data-settings=\"{&quot;wcf_starter_animations&quot;:&quot;none&quot;,&quot;wcf_anim_duration&quot;:1000,&quot;wcf_anim_delay&quot;:0,&quot;wcf_anim_ease&quot;:&quot;ease&quot;,&quot;wcf_text_animation&quot;:&quot;none&quot;,&quot;wcf-animation&quot;:&quot;none&quot;}\" data-widget_type=\"wcf--title.default\">\n\t\t\t\t<div class=\"elementor-widget-container\">\n\t\t\t\t\t<h1 class=\"wcf--title\">Contact<\/h1>\t\t\t\t<\/div>\n\t\t\t\t<\/div>\n\t\t\t\t<div class=\"elementor-element elementor-element-69cbc2d wcf-starter-animations-none wcf-t-animation-none elementor-widget elementor-widget-text-editor\" data-id=\"69cbc2d\" data-element_type=\"widget\" data-e-type=\"widget\" data-settings=\"{&quot;wcf_starter_animations&quot;:&quot;none&quot;,&quot;wcf_anim_duration&quot;:1000,&quot;wcf_anim_delay&quot;:0,&quot;wcf_anim_ease&quot;:&quot;ease&quot;,&quot;wcf_text_animation&quot;:&quot;none&quot;,&quot;wcf-animation&quot;:&quot;none&quot;}\" data-widget_type=\"text-editor.default\">\n\t\t\t\t<div class=\"elementor-widget-container\">\n\t\t\t\t\t\t\t\t\t<p>If you have any questions about this policy or how we handle personal information, please contact our privacy officer using the contact details provided below.<\/p>\t\t\t\t\t\t\t\t<\/div>\n\t\t\t\t<\/div>\n\t\t\t\t<div class=\"elementor-element elementor-element-ffc3395 wcf-starter-animations-none wcf-t-animation-none elementor-widget elementor-widget-text-editor\" data-id=\"ffc3395\" data-element_type=\"widget\" data-e-type=\"widget\" data-settings=\"{&quot;wcf_starter_animations&quot;:&quot;none&quot;,&quot;wcf_anim_duration&quot;:1000,&quot;wcf_anim_delay&quot;:0,&quot;wcf_anim_ease&quot;:&quot;ease&quot;,&quot;wcf_text_animation&quot;:&quot;none&quot;,&quot;wcf-animation&quot;:&quot;none&quot;}\" data-widget_type=\"text-editor.default\">\n\t\t\t\t<div class=\"elementor-widget-container\">\n\t\t\t\t\t\t\t\t\t<p>Jean-Fran\u00e7ois Reid<br \/>Vice Pr\u00e9sident, Ressources Humaines\u00a0<\/p><p>jeanfrancoisreid@roxborobauval.ca<br \/>514-631-1888<\/p>\t\t\t\t\t\t\t\t<\/div>\n\t\t\t\t<\/div>\n\t\t\t\t\t<\/div>\n\t\t\t\t<\/div>\n\t\t\t\t<\/div>","protected":false},"excerpt":{"rendered":"<p>politique de confidentialit\u00e9politique de confidentialit\u00e9[Groupe Roxboro BauVal] Le Groupe Roxboro BauVal Inc. et ses soci\u00e9t\u00e9s affili\u00e9es (ci-apr\u00e8s d\u00e9nomm\u00e9es \u00ab la soci\u00e9t\u00e9 \u00bb) sont assujettis \u00e0 la Loi sur la protection des renseignements personnels dans le secteur priv\u00e9. Nous prenons la protection de la vie priv\u00e9e tr\u00e8s au s\u00e9rieux et nous nous engageons \u00e0 respecter les [&hellip;]<\/p>\n","protected":false},"author":1,"featured_media":0,"parent":0,"menu_order":0,"comment_status":"closed","ping_status":"closed","template":"elementor_header_footer","meta":{"footnotes":""},"class_list":["post-11891","page","type-page","status-publish","hentry"],"yoast_head":"<!-- This site is optimized with the Yoast SEO plugin v27.3 - https:\/\/yoast.com\/product\/yoast-seo-wordpress\/ -->\n<title>Politique de confidentialit\u00e9 - Roxboro Excavation<\/title>\n<meta name=\"description\" content=\"D\u00e9couvrez comment Roxboro Excavation prot\u00e8ge vos donn\u00e9es personnelles selon les lois applicables et vos droits. Politique de confidentialit\u00e9 claire et s\u00e9curis\u00e9e.\" \/>\n<meta name=\"robots\" content=\"index, follow, max-snippet:-1, max-image-preview:large, max-video-preview:-1\" \/>\n<link rel=\"canonical\" href=\"https:\/\/roxboro.ca\/en\/politique-de-confidentialite\/\" \/>\n<meta property=\"og:locale\" content=\"en_US\" \/>\n<meta property=\"og:type\" content=\"article\" \/>\n<meta property=\"og:title\" content=\"Politique de confidentialit\u00e9 - Roxboro Excavation\" \/>\n<meta property=\"og:description\" content=\"D\u00e9couvrez comment Roxboro Excavation prot\u00e8ge vos donn\u00e9es personnelles selon les lois applicables et vos droits. Politique de confidentialit\u00e9 claire et s\u00e9curis\u00e9e.\" \/>\n<meta property=\"og:url\" content=\"https:\/\/roxboro.ca\/en\/politique-de-confidentialite\/\" \/>\n<meta property=\"og:site_name\" content=\"Roxboro Excavation\" \/>\n<meta property=\"article:modified_time\" content=\"2026-03-03T17:27:22+00:00\" \/>\n<meta name=\"twitter:card\" content=\"summary_large_image\" \/>\n<meta name=\"twitter:label1\" content=\"Est. reading time\" \/>\n\t<meta name=\"twitter:data1\" content=\"3 minutes\" \/>\n<script type=\"application\/ld+json\" class=\"yoast-schema-graph\">{\"@context\":\"https:\\\/\\\/schema.org\",\"@graph\":[{\"@type\":\"WebPage\",\"@id\":\"https:\\\/\\\/roxboro.ca\\\/politique-de-confidentialite\\\/\",\"url\":\"https:\\\/\\\/roxboro.ca\\\/politique-de-confidentialite\\\/\",\"name\":\"Politique de confidentialit\u00e9 - Roxboro Excavation\",\"isPartOf\":{\"@id\":\"https:\\\/\\\/roxboro.ca\\\/#website\"},\"datePublished\":\"2025-11-05T21:05:45+00:00\",\"dateModified\":\"2026-03-03T17:27:22+00:00\",\"description\":\"D\u00e9couvrez comment Roxboro Excavation prot\u00e8ge vos donn\u00e9es personnelles selon les lois applicables et vos droits. Politique de confidentialit\u00e9 claire et s\u00e9curis\u00e9e.\",\"breadcrumb\":{\"@id\":\"https:\\\/\\\/roxboro.ca\\\/politique-de-confidentialite\\\/#breadcrumb\"},\"inLanguage\":\"en-CA\",\"potentialAction\":[{\"@type\":\"ReadAction\",\"target\":[\"https:\\\/\\\/roxboro.ca\\\/politique-de-confidentialite\\\/\"]}]},{\"@type\":\"BreadcrumbList\",\"@id\":\"https:\\\/\\\/roxboro.ca\\\/politique-de-confidentialite\\\/#breadcrumb\",\"itemListElement\":[{\"@type\":\"ListItem\",\"position\":1,\"name\":\"Home\",\"item\":\"https:\\\/\\\/roxboro.ca\\\/\"},{\"@type\":\"ListItem\",\"position\":2,\"name\":\"Politique de confidentialit\u00e9\"}]},{\"@type\":\"WebSite\",\"@id\":\"https:\\\/\\\/roxboro.ca\\\/#website\",\"url\":\"https:\\\/\\\/roxboro.ca\\\/\",\"name\":\"Roxboro Excavation\",\"description\":\"\",\"publisher\":{\"@id\":\"https:\\\/\\\/roxboro.ca\\\/#organization\"},\"potentialAction\":[{\"@type\":\"SearchAction\",\"target\":{\"@type\":\"EntryPoint\",\"urlTemplate\":\"https:\\\/\\\/roxboro.ca\\\/?s={search_term_string}\"},\"query-input\":{\"@type\":\"PropertyValueSpecification\",\"valueRequired\":true,\"valueName\":\"search_term_string\"}}],\"inLanguage\":\"en-CA\"},{\"@type\":\"Organization\",\"@id\":\"https:\\\/\\\/roxboro.ca\\\/#organization\",\"name\":\"Roxboro Excavation\",\"url\":\"https:\\\/\\\/roxboro.ca\\\/\",\"logo\":{\"@type\":\"ImageObject\",\"inLanguage\":\"en-CA\",\"@id\":\"https:\\\/\\\/roxboro.ca\\\/#\\\/schema\\\/logo\\\/image\\\/\",\"url\":\"https:\\\/\\\/roxboro.ca\\\/wp-content\\\/uploads\\\/2025\\\/08\\\/Logo-ROXBORO-Excavation-RGB.png\",\"contentUrl\":\"https:\\\/\\\/roxboro.ca\\\/wp-content\\\/uploads\\\/2025\\\/08\\\/Logo-ROXBORO-Excavation-RGB.png\",\"width\":748,\"height\":460,\"caption\":\"Roxboro Excavation\"},\"image\":{\"@id\":\"https:\\\/\\\/roxboro.ca\\\/#\\\/schema\\\/logo\\\/image\\\/\"}}]}<\/script>\n<!-- \/ Yoast SEO plugin. -->","yoast_head_json":{"title":"Politique de confidentialit\u00e9 - Roxboro Excavation","description":"D\u00e9couvrez comment Roxboro Excavation prot\u00e8ge vos donn\u00e9es personnelles selon les lois applicables et vos droits. Politique de confidentialit\u00e9 claire et s\u00e9curis\u00e9e.","robots":{"index":"index","follow":"follow","max-snippet":"max-snippet:-1","max-image-preview":"max-image-preview:large","max-video-preview":"max-video-preview:-1"},"canonical":"https:\/\/roxboro.ca\/en\/politique-de-confidentialite\/","og_locale":"en_US","og_type":"article","og_title":"Politique de confidentialit\u00e9 - Roxboro Excavation","og_description":"D\u00e9couvrez comment Roxboro Excavation prot\u00e8ge vos donn\u00e9es personnelles selon les lois applicables et vos droits. Politique de confidentialit\u00e9 claire et s\u00e9curis\u00e9e.","og_url":"https:\/\/roxboro.ca\/en\/politique-de-confidentialite\/","og_site_name":"Roxboro Excavation","article_modified_time":"2026-03-03T17:27:22+00:00","twitter_card":"summary_large_image","twitter_misc":{"Est. reading time":"3 minutes"},"schema":{"@context":"https:\/\/schema.org","@graph":[{"@type":"WebPage","@id":"https:\/\/roxboro.ca\/politique-de-confidentialite\/","url":"https:\/\/roxboro.ca\/politique-de-confidentialite\/","name":"Politique de confidentialit\u00e9 - Roxboro Excavation","isPartOf":{"@id":"https:\/\/roxboro.ca\/#website"},"datePublished":"2025-11-05T21:05:45+00:00","dateModified":"2026-03-03T17:27:22+00:00","description":"D\u00e9couvrez comment Roxboro Excavation prot\u00e8ge vos donn\u00e9es personnelles selon les lois applicables et vos droits. Politique de confidentialit\u00e9 claire et s\u00e9curis\u00e9e.","breadcrumb":{"@id":"https:\/\/roxboro.ca\/politique-de-confidentialite\/#breadcrumb"},"inLanguage":"en-CA","potentialAction":[{"@type":"ReadAction","target":["https:\/\/roxboro.ca\/politique-de-confidentialite\/"]}]},{"@type":"BreadcrumbList","@id":"https:\/\/roxboro.ca\/politique-de-confidentialite\/#breadcrumb","itemListElement":[{"@type":"ListItem","position":1,"name":"Home","item":"https:\/\/roxboro.ca\/"},{"@type":"ListItem","position":2,"name":"Politique de confidentialit\u00e9"}]},{"@type":"WebSite","@id":"https:\/\/roxboro.ca\/#website","url":"https:\/\/roxboro.ca\/","name":"Roxboro Excavation","description":"","publisher":{"@id":"https:\/\/roxboro.ca\/#organization"},"potentialAction":[{"@type":"SearchAction","target":{"@type":"EntryPoint","urlTemplate":"https:\/\/roxboro.ca\/?s={search_term_string}"},"query-input":{"@type":"PropertyValueSpecification","valueRequired":true,"valueName":"search_term_string"}}],"inLanguage":"en-CA"},{"@type":"Organization","@id":"https:\/\/roxboro.ca\/#organization","name":"Roxboro Excavation","url":"https:\/\/roxboro.ca\/","logo":{"@type":"ImageObject","inLanguage":"en-CA","@id":"https:\/\/roxboro.ca\/#\/schema\/logo\/image\/","url":"https:\/\/roxboro.ca\/wp-content\/uploads\/2025\/08\/Logo-ROXBORO-Excavation-RGB.png","contentUrl":"https:\/\/roxboro.ca\/wp-content\/uploads\/2025\/08\/Logo-ROXBORO-Excavation-RGB.png","width":748,"height":460,"caption":"Roxboro Excavation"},"image":{"@id":"https:\/\/roxboro.ca\/#\/schema\/logo\/image\/"}}]}},"_links":{"self":[{"href":"https:\/\/roxboro.ca\/en\/wp-json\/wp\/v2\/pages\/11891","targetHints":{"allow":["GET"]}}],"collection":[{"href":"https:\/\/roxboro.ca\/en\/wp-json\/wp\/v2\/pages"}],"about":[{"href":"https:\/\/roxboro.ca\/en\/wp-json\/wp\/v2\/types\/page"}],"author":[{"embeddable":true,"href":"https:\/\/roxboro.ca\/en\/wp-json\/wp\/v2\/users\/1"}],"replies":[{"embeddable":true,"href":"https:\/\/roxboro.ca\/en\/wp-json\/wp\/v2\/comments?post=11891"}],"version-history":[{"count":115,"href":"https:\/\/roxboro.ca\/en\/wp-json\/wp\/v2\/pages\/11891\/revisions"}],"predecessor-version":[{"id":13207,"href":"https:\/\/roxboro.ca\/en\/wp-json\/wp\/v2\/pages\/11891\/revisions\/13207"}],"wp:attachment":[{"href":"https:\/\/roxboro.ca\/en\/wp-json\/wp\/v2\/media?parent=11891"}],"curies":[{"name":"wp","href":"https:\/\/api.w.org\/{rel}","templated":true}]}}