{"id":11891,"date":"2025-11-05T21:05:45","date_gmt":"2025-11-05T21:05:45","guid":{"rendered":"https:\/\/roxboro.ca\/?page_id=11891"},"modified":"2026-03-03T17:27:22","modified_gmt":"2026-03-03T17:27:22","slug":"politique-de-confidentialite","status":"publish","type":"page","link":"https:\/\/roxboro.ca\/fr\/politique-de-confidentialite\/","title":{"rendered":"Politique de confidentialit\u00e9"},"content":{"rendered":"\t\t<div data-elementor-type=\"wp-page\" data-elementor-id=\"11891\" class=\"elementor elementor-11891\">\n\t\t\t\t<div class=\"elementor-element elementor-element-2de4c6c e-flex e-con-boxed wcf-starter-animations-none e-con e-parent\" data-id=\"2de4c6c\" data-element_type=\"container\" data-e-type=\"container\" data-settings=\"{&quot;wcf_enable_cursor_hover_effect_text&quot;:&quot;View&quot;,&quot;wcf-animation&quot;:&quot;none&quot;}\">\n\t\t\t\t\t<div class=\"e-con-inner\">\n\t\t\t\t<div class=\"elementor-element elementor-element-9061288 wcf-starter-animations-none wcf-t-animation-none elementor-widget elementor-widget-wcf--title\" data-id=\"9061288\" data-element_type=\"widget\" data-e-type=\"widget\" data-settings=\"{&quot;wcf-animation&quot;:&quot;fade&quot;,&quot;data-duration&quot;:0.75,&quot;fade-offset&quot;:40,&quot;wcf_starter_animations&quot;:&quot;none&quot;,&quot;wcf_anim_duration&quot;:1000,&quot;wcf_anim_delay&quot;:0,&quot;wcf_anim_ease&quot;:&quot;ease&quot;,&quot;wcf_text_animation&quot;:&quot;none&quot;,&quot;delay&quot;:0.15,&quot;on-scroll&quot;:1,&quot;fade-from&quot;:&quot;bottom&quot;,&quot;ease&quot;:&quot;power2.out&quot;}\" data-widget_type=\"wcf--title.default\">\n\t\t\t\t<div class=\"elementor-widget-container\">\n\t\t\t\t\t<h2 class=\"wcf--title\">politique de confidentialit\u00e9<\/h2>\t\t\t\t<\/div>\n\t\t\t\t<\/div>\n\t\t\t\t<div class=\"elementor-element elementor-element-b598761 wcf-starter-animations-none wcf-t-animation-none elementor-widget elementor-widget-wcf--title\" data-id=\"b598761\" data-element_type=\"widget\" data-e-type=\"widget\" data-settings=\"{&quot;wcf_starter_animations&quot;:&quot;none&quot;,&quot;wcf_anim_duration&quot;:1000,&quot;wcf_anim_delay&quot;:0,&quot;wcf_anim_ease&quot;:&quot;ease&quot;,&quot;wcf_text_animation&quot;:&quot;none&quot;,&quot;wcf-animation&quot;:&quot;none&quot;}\" data-widget_type=\"wcf--title.default\">\n\t\t\t\t<div class=\"elementor-widget-container\">\n\t\t\t\t\t<h1 class=\"wcf--title\">politique de confidentialit\u00e9<\/h1>\t\t\t\t<\/div>\n\t\t\t\t<\/div>\n\t\t\t\t<div class=\"elementor-element elementor-element-210af10 wcf-starter-animations-none wcf-t-animation-none elementor-widget elementor-widget-wcf--title\" data-id=\"210af10\" data-element_type=\"widget\" data-e-type=\"widget\" data-settings=\"{&quot;wcf_starter_animations&quot;:&quot;none&quot;,&quot;wcf_anim_duration&quot;:1000,&quot;wcf_anim_delay&quot;:0,&quot;wcf_anim_ease&quot;:&quot;ease&quot;,&quot;wcf_text_animation&quot;:&quot;none&quot;,&quot;wcf-animation&quot;:&quot;none&quot;}\" data-widget_type=\"wcf--title.default\">\n\t\t\t\t<div class=\"elementor-widget-container\">\n\t\t\t\t\t<h2 class=\"wcf--title\"><span class=\"highlight\">Groupe Roxboro BauVal<\/span><\/h2>\t\t\t\t<\/div>\n\t\t\t\t<\/div>\n\t\t\t\t<div class=\"elementor-element elementor-element-e6f68ba elementor-widget-divider--view-line elementor-widget elementor-widget-divider\" data-id=\"e6f68ba\" data-element_type=\"widget\" data-e-type=\"widget\" data-settings=\"{&quot;wcf-animation&quot;:&quot;none&quot;}\" data-widget_type=\"divider.default\">\n\t\t\t\t<div class=\"elementor-widget-container\">\n\t\t\t\t\t\t\t<div class=\"elementor-divider\">\n\t\t\t<span class=\"elementor-divider-separator\">\n\t\t\t\t\t\t<\/span>\n\t\t<\/div>\n\t\t\t\t\t\t<\/div>\n\t\t\t\t<\/div>\n\t\t\t\t<div class=\"elementor-element elementor-element-afcd752 wcf-starter-animations-none wcf-t-animation-none elementor-widget elementor-widget-text-editor\" data-id=\"afcd752\" data-element_type=\"widget\" data-e-type=\"widget\" data-settings=\"{&quot;wcf_starter_animations&quot;:&quot;none&quot;,&quot;wcf_anim_duration&quot;:1000,&quot;wcf_anim_delay&quot;:0,&quot;wcf_anim_ease&quot;:&quot;ease&quot;,&quot;wcf_text_animation&quot;:&quot;none&quot;,&quot;wcf-animation&quot;:&quot;none&quot;}\" data-widget_type=\"text-editor.default\">\n\t\t\t\t<div class=\"elementor-widget-container\">\n\t\t\t\t\t\t\t\t\t<p>Le Groupe Roxboro BauVal Inc. et ses soci\u00e9t\u00e9s affili\u00e9es (ci-apr\u00e8s d\u00e9nomm\u00e9es \u00ab la soci\u00e9t\u00e9 \u00bb) sont assujettis \u00e0 la Loi sur la protection des renseignements personnels dans le secteur priv\u00e9. Nous prenons la protection de la vie priv\u00e9e tr\u00e8s au s\u00e9rieux et nous nous engageons \u00e0 respecter les normes \u00e9tablies dans cette loi.<\/p>\t\t\t\t\t\t\t\t<\/div>\n\t\t\t\t<\/div>\n\t\t\t\t<div class=\"elementor-element elementor-element-30428b4 wcf-starter-animations-none wcf-t-animation-none elementor-widget elementor-widget-text-editor\" data-id=\"30428b4\" data-element_type=\"widget\" data-e-type=\"widget\" data-settings=\"{&quot;wcf_starter_animations&quot;:&quot;none&quot;,&quot;wcf_anim_duration&quot;:1000,&quot;wcf_anim_delay&quot;:0,&quot;wcf_anim_ease&quot;:&quot;ease&quot;,&quot;wcf_text_animation&quot;:&quot;none&quot;,&quot;wcf-animation&quot;:&quot;none&quot;}\" data-widget_type=\"text-editor.default\">\n\t\t\t\t<div class=\"elementor-widget-container\">\n\t\t\t\t\t\t\t\t\t<h3>Responsabilit\u00e9s et fonctionnement<\/h3><p>Le pr\u00e9sident-directeur g\u00e9n\u00e9ral de la soci\u00e9t\u00e9 a d\u00e9l\u00e9gu\u00e9 le r\u00f4le de responsable de la protection de la vie priv\u00e9e (ci-apr\u00e8s \u00ab RPV \u00bb) au vice-pr\u00e9sident des ressources humaines, conform\u00e9ment \u00e0 la loi. Un comit\u00e9 a \u00e9t\u00e9 cr\u00e9\u00e9 en janvier 2023 afin de soutenir le RPV et de suivre nos engagements en mati\u00e8re de protection de la vie priv\u00e9e. Le comit\u00e9 se r\u00e9unira au moins deux fois par an, voire plus souvent si n\u00e9cessaire. Ce comit\u00e9 est compos\u00e9 du vice-pr\u00e9sident ou d&rsquo;un employ\u00e9 de son choix pour chacun des secteurs cl\u00e9s suivants : ressources humaines, informatique, finances et affaires juridiques.<\/p><p>\u00a0<\/p><h3>Collecte de renseignements personnels<\/h3><p>Nous nous engageons \u00e0 ne collecter que les informations personnelles n\u00e9cessaires \u00e0 la r\u00e9alisation de nos activit\u00e9s. Nous informerons nos employ\u00e9s et collaborateurs des finalit\u00e9s pour lesquelles nous collectons ces informations personnelles et leur demanderons leur consentement, lorsque cela est n\u00e9cessaire, pour les utiliser ou les partager.<\/p><p>\u00a0<\/p><h3>Divulgation de renseignements personnels<\/h3><p>Nous ne divulguerons des informations personnelles \u00e0 des tiers qu&rsquo;apr\u00e8s avoir obtenu le consentement de la personne concern\u00e9e.<\/p><p>\u00a0<\/p><h3>Conservation et \u00e9limination des renseignements personnels<\/h3><p>Les renseignements personnels doivent \u00eatre conserv\u00e9s dans des syst\u00e8mes et des classeurs s\u00e9curis\u00e9s \u00e0 acc\u00e8s contr\u00f4l\u00e9. L&rsquo;acc\u00e8s est limit\u00e9 \u00e0 un nombre restreint d&#8217;employ\u00e9s qui ont absolument besoin de ces renseignements pour accomplir leur travail. Les renseignements personnels qui ne sont plus n\u00e9cessaires seront \u00e9limin\u00e9s selon un processus r\u00e9vis\u00e9 chaque ann\u00e9e par le comit\u00e9.<\/p><p>\u00a0<\/p><h3>Gestion des incidents<\/h3><p>Le responsable du traitement est charg\u00e9 de prendre toutes les mesures n\u00e9cessaires lorsqu&rsquo;un incident de s\u00e9curit\u00e9 li\u00e9 \u00e0 des informations personnelles se produit. Il doit \u00e9galement tenir un registre des incidents qui comprend :<\/p><p>&#8211; la date de l&rsquo;incident et les circonstances qui l&rsquo;ont entour\u00e9 ;<\/p><p>&#8211; la date \u00e0 laquelle l&rsquo;entreprise a pris connaissance de l&rsquo;incident ;<\/p><p>&#8211; l&rsquo;identit\u00e9 de la personne qui a men\u00e9 l&rsquo;enqu\u00eate ;<\/p><p>&#8211; les renseignements personnels concern\u00e9s ;<\/p><p>&#8211; le degr\u00e9 de sensibilit\u00e9 des renseignements concern\u00e9s ;<\/p><p>&#8211; le nombre ou le nombre estim\u00e9 de personnes touch\u00e9es ;<\/p><p>&#8211; les mesures prises pour r\u00e9duire les dommages ;<\/p><p>&#8211; la date \u00e0 laquelle l&rsquo;avis a \u00e9t\u00e9 envoy\u00e9 \u00e0 la Commission d&rsquo;acc\u00e8s \u00e0 l&rsquo;information du Qu\u00e9bec et aux personnes concern\u00e9es ; et<\/p><p>&#8211; les raisons pour lesquelles l&rsquo;entreprise n&rsquo;a pas divulgu\u00e9 l&rsquo;incident, le cas \u00e9ch\u00e9ant.<\/p><p>\u00a0<\/p><h3>Responsabilit\u00e9<\/h3><p>Le PO produira un rapport \u00e0 l&rsquo;intention du conseil d&rsquo;administration de la soci\u00e9t\u00e9 sur les activit\u00e9s du comit\u00e9.<\/p><p>\u00a0<\/p><h3>Acc\u00e8s aux renseignements personnels et processus de plainte<\/h3><p>Tous les employ\u00e9s et partenaires ont le droit de demander l&rsquo;acc\u00e8s aux informations personnelles que nous d\u00e9tenons et de les faire corriger s&rsquo;ils les jugent inexactes. Vous pouvez \u00e9galement d\u00e9poser une plainte si vous estimez que vos informations personnelles ne sont pas trait\u00e9es ou conserv\u00e9es correctement. Le responsable de la protection de la vie priv\u00e9e est charg\u00e9 de traiter avec soin toutes les plaintes. Veuillez adresser votre demande ou votre plainte au responsable de la protection de la vie priv\u00e9e.<\/p>\t\t\t\t\t\t\t\t<\/div>\n\t\t\t\t<\/div>\n\t\t\t\t<div class=\"elementor-element elementor-element-fbd4f3a wcf-starter-animations-none wcf-t-animation-none elementor-widget elementor-widget-wcf--title\" data-id=\"fbd4f3a\" data-element_type=\"widget\" data-e-type=\"widget\" data-settings=\"{&quot;wcf_starter_animations&quot;:&quot;none&quot;,&quot;wcf_anim_duration&quot;:1000,&quot;wcf_anim_delay&quot;:0,&quot;wcf_anim_ease&quot;:&quot;ease&quot;,&quot;wcf_text_animation&quot;:&quot;none&quot;,&quot;wcf-animation&quot;:&quot;none&quot;}\" data-widget_type=\"wcf--title.default\">\n\t\t\t\t<div class=\"elementor-widget-container\">\n\t\t\t\t\t<h1 class=\"wcf--title\">Contact<\/h1>\t\t\t\t<\/div>\n\t\t\t\t<\/div>\n\t\t\t\t<div class=\"elementor-element elementor-element-69cbc2d wcf-starter-animations-none wcf-t-animation-none elementor-widget elementor-widget-text-editor\" data-id=\"69cbc2d\" data-element_type=\"widget\" data-e-type=\"widget\" data-settings=\"{&quot;wcf_starter_animations&quot;:&quot;none&quot;,&quot;wcf_anim_duration&quot;:1000,&quot;wcf_anim_delay&quot;:0,&quot;wcf_anim_ease&quot;:&quot;ease&quot;,&quot;wcf_text_animation&quot;:&quot;none&quot;,&quot;wcf-animation&quot;:&quot;none&quot;}\" data-widget_type=\"text-editor.default\">\n\t\t\t\t<div class=\"elementor-widget-container\">\n\t\t\t\t\t\t\t\t\t<p>Si vous avez des questions concernant cette politique ou la mani\u00e8re dont nous g\u00e9rons les informations personnelles, veuillez contacter notre responsable de la confidentialit\u00e9 \u00e0 l&rsquo;aide des coordonn\u00e9es fournies ci-dessous.<\/p>\t\t\t\t\t\t\t\t<\/div>\n\t\t\t\t<\/div>\n\t\t\t\t<div class=\"elementor-element elementor-element-ffc3395 wcf-starter-animations-none wcf-t-animation-none elementor-widget elementor-widget-text-editor\" data-id=\"ffc3395\" data-element_type=\"widget\" data-e-type=\"widget\" data-settings=\"{&quot;wcf_starter_animations&quot;:&quot;none&quot;,&quot;wcf_anim_duration&quot;:1000,&quot;wcf_anim_delay&quot;:0,&quot;wcf_anim_ease&quot;:&quot;ease&quot;,&quot;wcf_text_animation&quot;:&quot;none&quot;,&quot;wcf-animation&quot;:&quot;none&quot;}\" data-widget_type=\"text-editor.default\">\n\t\t\t\t<div class=\"elementor-widget-container\">\n\t\t\t\t\t\t\t\t\t<p>Jean-Fran\u00e7ois Reid<br \/>Vice Pr\u00e9sident, Ressources Humaines\u00a0<\/p><p>jeanfrancoisreid@roxborobauval.ca<br \/>514-631-1888<\/p>\t\t\t\t\t\t\t\t<\/div>\n\t\t\t\t<\/div>\n\t\t\t\t\t<\/div>\n\t\t\t\t<\/div>\n\t\t\t\t<\/div>\n\t\t","protected":false},"excerpt":{"rendered":"<p>politique de confidentialit\u00e9politique de confidentialit\u00e9[Groupe Roxboro BauVal] Le Groupe Roxboro BauVal Inc. et ses soci\u00e9t\u00e9s affili\u00e9es (ci-apr\u00e8s d\u00e9nomm\u00e9es \u00ab la soci\u00e9t\u00e9 \u00bb) sont assujettis \u00e0 la Loi sur la protection des renseignements personnels dans le secteur priv\u00e9. Nous prenons la protection de la vie priv\u00e9e tr\u00e8s au s\u00e9rieux et nous nous engageons \u00e0 respecter les [&hellip;]<\/p>\n","protected":false},"author":1,"featured_media":0,"parent":0,"menu_order":0,"comment_status":"closed","ping_status":"closed","template":"elementor_header_footer","meta":{"footnotes":""},"class_list":["post-11891","page","type-page","status-publish","hentry"],"yoast_head":"<!-- This site is optimized with the Yoast SEO plugin v27.3 - https:\/\/yoast.com\/product\/yoast-seo-wordpress\/ -->\n<title>Politique de confidentialit\u00e9 - Roxboro Excavation<\/title>\n<meta name=\"description\" content=\"D\u00e9couvrez comment Roxboro Excavation prot\u00e8ge vos donn\u00e9es personnelles selon les lois applicables et vos droits. Politique de confidentialit\u00e9 claire et s\u00e9curis\u00e9e.\" \/>\n<meta name=\"robots\" content=\"index, follow, max-snippet:-1, max-image-preview:large, max-video-preview:-1\" \/>\n<link rel=\"canonical\" href=\"https:\/\/roxboro.ca\/fr\/politique-de-confidentialite\/\" \/>\n<meta property=\"og:locale\" content=\"fr_CA\" \/>\n<meta property=\"og:type\" content=\"article\" \/>\n<meta property=\"og:title\" content=\"Politique de confidentialit\u00e9 - Roxboro Excavation\" \/>\n<meta property=\"og:description\" content=\"D\u00e9couvrez comment Roxboro Excavation prot\u00e8ge vos donn\u00e9es personnelles selon les lois applicables et vos droits. Politique de confidentialit\u00e9 claire et s\u00e9curis\u00e9e.\" \/>\n<meta property=\"og:url\" content=\"https:\/\/roxboro.ca\/fr\/politique-de-confidentialite\/\" \/>\n<meta property=\"og:site_name\" content=\"Roxboro Excavation\" \/>\n<meta property=\"article:modified_time\" content=\"2026-03-03T17:27:22+00:00\" \/>\n<meta name=\"twitter:card\" content=\"summary_large_image\" \/>\n<meta name=\"twitter:label1\" content=\"Estimation du temps de lecture\" \/>\n\t<meta name=\"twitter:data1\" content=\"3 minutes\" \/>\n<script type=\"application\/ld+json\" class=\"yoast-schema-graph\">{\"@context\":\"https:\\\/\\\/schema.org\",\"@graph\":[{\"@type\":\"WebPage\",\"@id\":\"https:\\\/\\\/roxboro.ca\\\/politique-de-confidentialite\\\/\",\"url\":\"https:\\\/\\\/roxboro.ca\\\/politique-de-confidentialite\\\/\",\"name\":\"Politique de confidentialit\u00e9 - Roxboro Excavation\",\"isPartOf\":{\"@id\":\"https:\\\/\\\/roxboro.ca\\\/#website\"},\"datePublished\":\"2025-11-05T21:05:45+00:00\",\"dateModified\":\"2026-03-03T17:27:22+00:00\",\"description\":\"D\u00e9couvrez comment Roxboro Excavation prot\u00e8ge vos donn\u00e9es personnelles selon les lois applicables et vos droits. Politique de confidentialit\u00e9 claire et s\u00e9curis\u00e9e.\",\"breadcrumb\":{\"@id\":\"https:\\\/\\\/roxboro.ca\\\/politique-de-confidentialite\\\/#breadcrumb\"},\"inLanguage\":\"fr-CA\",\"potentialAction\":[{\"@type\":\"ReadAction\",\"target\":[\"https:\\\/\\\/roxboro.ca\\\/politique-de-confidentialite\\\/\"]}]},{\"@type\":\"BreadcrumbList\",\"@id\":\"https:\\\/\\\/roxboro.ca\\\/politique-de-confidentialite\\\/#breadcrumb\",\"itemListElement\":[{\"@type\":\"ListItem\",\"position\":1,\"name\":\"Home\",\"item\":\"https:\\\/\\\/roxboro.ca\\\/\"},{\"@type\":\"ListItem\",\"position\":2,\"name\":\"Politique de confidentialit\u00e9\"}]},{\"@type\":\"WebSite\",\"@id\":\"https:\\\/\\\/roxboro.ca\\\/#website\",\"url\":\"https:\\\/\\\/roxboro.ca\\\/\",\"name\":\"Roxboro Excavation\",\"description\":\"\",\"publisher\":{\"@id\":\"https:\\\/\\\/roxboro.ca\\\/#organization\"},\"potentialAction\":[{\"@type\":\"SearchAction\",\"target\":{\"@type\":\"EntryPoint\",\"urlTemplate\":\"https:\\\/\\\/roxboro.ca\\\/?s={search_term_string}\"},\"query-input\":{\"@type\":\"PropertyValueSpecification\",\"valueRequired\":true,\"valueName\":\"search_term_string\"}}],\"inLanguage\":\"fr-CA\"},{\"@type\":\"Organization\",\"@id\":\"https:\\\/\\\/roxboro.ca\\\/#organization\",\"name\":\"Roxboro Excavation\",\"url\":\"https:\\\/\\\/roxboro.ca\\\/\",\"logo\":{\"@type\":\"ImageObject\",\"inLanguage\":\"fr-CA\",\"@id\":\"https:\\\/\\\/roxboro.ca\\\/#\\\/schema\\\/logo\\\/image\\\/\",\"url\":\"https:\\\/\\\/roxboro.ca\\\/wp-content\\\/uploads\\\/2025\\\/08\\\/Logo-ROXBORO-Excavation-RGB.png\",\"contentUrl\":\"https:\\\/\\\/roxboro.ca\\\/wp-content\\\/uploads\\\/2025\\\/08\\\/Logo-ROXBORO-Excavation-RGB.png\",\"width\":748,\"height\":460,\"caption\":\"Roxboro Excavation\"},\"image\":{\"@id\":\"https:\\\/\\\/roxboro.ca\\\/#\\\/schema\\\/logo\\\/image\\\/\"}}]}<\/script>\n<!-- \/ Yoast SEO plugin. -->","yoast_head_json":{"title":"Politique de confidentialit\u00e9 - Roxboro Excavation","description":"D\u00e9couvrez comment Roxboro Excavation prot\u00e8ge vos donn\u00e9es personnelles selon les lois applicables et vos droits. Politique de confidentialit\u00e9 claire et s\u00e9curis\u00e9e.","robots":{"index":"index","follow":"follow","max-snippet":"max-snippet:-1","max-image-preview":"max-image-preview:large","max-video-preview":"max-video-preview:-1"},"canonical":"https:\/\/roxboro.ca\/fr\/politique-de-confidentialite\/","og_locale":"fr_CA","og_type":"article","og_title":"Politique de confidentialit\u00e9 - Roxboro Excavation","og_description":"D\u00e9couvrez comment Roxboro Excavation prot\u00e8ge vos donn\u00e9es personnelles selon les lois applicables et vos droits. Politique de confidentialit\u00e9 claire et s\u00e9curis\u00e9e.","og_url":"https:\/\/roxboro.ca\/fr\/politique-de-confidentialite\/","og_site_name":"Roxboro Excavation","article_modified_time":"2026-03-03T17:27:22+00:00","twitter_card":"summary_large_image","twitter_misc":{"Estimation du temps de lecture":"3 minutes"},"schema":{"@context":"https:\/\/schema.org","@graph":[{"@type":"WebPage","@id":"https:\/\/roxboro.ca\/politique-de-confidentialite\/","url":"https:\/\/roxboro.ca\/politique-de-confidentialite\/","name":"Politique de confidentialit\u00e9 - Roxboro Excavation","isPartOf":{"@id":"https:\/\/roxboro.ca\/#website"},"datePublished":"2025-11-05T21:05:45+00:00","dateModified":"2026-03-03T17:27:22+00:00","description":"D\u00e9couvrez comment Roxboro Excavation prot\u00e8ge vos donn\u00e9es personnelles selon les lois applicables et vos droits. Politique de confidentialit\u00e9 claire et s\u00e9curis\u00e9e.","breadcrumb":{"@id":"https:\/\/roxboro.ca\/politique-de-confidentialite\/#breadcrumb"},"inLanguage":"fr-CA","potentialAction":[{"@type":"ReadAction","target":["https:\/\/roxboro.ca\/politique-de-confidentialite\/"]}]},{"@type":"BreadcrumbList","@id":"https:\/\/roxboro.ca\/politique-de-confidentialite\/#breadcrumb","itemListElement":[{"@type":"ListItem","position":1,"name":"Home","item":"https:\/\/roxboro.ca\/"},{"@type":"ListItem","position":2,"name":"Politique de confidentialit\u00e9"}]},{"@type":"WebSite","@id":"https:\/\/roxboro.ca\/#website","url":"https:\/\/roxboro.ca\/","name":"Roxboro Excavation","description":"","publisher":{"@id":"https:\/\/roxboro.ca\/#organization"},"potentialAction":[{"@type":"SearchAction","target":{"@type":"EntryPoint","urlTemplate":"https:\/\/roxboro.ca\/?s={search_term_string}"},"query-input":{"@type":"PropertyValueSpecification","valueRequired":true,"valueName":"search_term_string"}}],"inLanguage":"fr-CA"},{"@type":"Organization","@id":"https:\/\/roxboro.ca\/#organization","name":"Roxboro Excavation","url":"https:\/\/roxboro.ca\/","logo":{"@type":"ImageObject","inLanguage":"fr-CA","@id":"https:\/\/roxboro.ca\/#\/schema\/logo\/image\/","url":"https:\/\/roxboro.ca\/wp-content\/uploads\/2025\/08\/Logo-ROXBORO-Excavation-RGB.png","contentUrl":"https:\/\/roxboro.ca\/wp-content\/uploads\/2025\/08\/Logo-ROXBORO-Excavation-RGB.png","width":748,"height":460,"caption":"Roxboro Excavation"},"image":{"@id":"https:\/\/roxboro.ca\/#\/schema\/logo\/image\/"}}]}},"_links":{"self":[{"href":"https:\/\/roxboro.ca\/fr\/wp-json\/wp\/v2\/pages\/11891","targetHints":{"allow":["GET"]}}],"collection":[{"href":"https:\/\/roxboro.ca\/fr\/wp-json\/wp\/v2\/pages"}],"about":[{"href":"https:\/\/roxboro.ca\/fr\/wp-json\/wp\/v2\/types\/page"}],"author":[{"embeddable":true,"href":"https:\/\/roxboro.ca\/fr\/wp-json\/wp\/v2\/users\/1"}],"replies":[{"embeddable":true,"href":"https:\/\/roxboro.ca\/fr\/wp-json\/wp\/v2\/comments?post=11891"}],"version-history":[{"count":115,"href":"https:\/\/roxboro.ca\/fr\/wp-json\/wp\/v2\/pages\/11891\/revisions"}],"predecessor-version":[{"id":13207,"href":"https:\/\/roxboro.ca\/fr\/wp-json\/wp\/v2\/pages\/11891\/revisions\/13207"}],"wp:attachment":[{"href":"https:\/\/roxboro.ca\/fr\/wp-json\/wp\/v2\/media?parent=11891"}],"curies":[{"name":"wp","href":"https:\/\/api.w.org\/{rel}","templated":true}]}}